{"id":2,"date":"2016-05-10T03:48:21","date_gmt":"2016-05-10T03:48:21","guid":{"rendered":"http:\/\/ig3g.de\/?page_id=2"},"modified":"2021-11-22T16:30:23","modified_gmt":"2021-11-22T16:30:23","slug":"sample-page","status":"publish","type":"page","link":"https:\/\/ig3g.de\/?page_id=2","title":{"rendered":"Die IG3G"},"content":{"rendered":"<p>IG3G steht f\u00fcr Interessengemeinschaft GemeinschaftsGem\u00fcseGarten<\/p>\n<p>Vor einiger Zeit haben wir uns gedacht, dass es doch gut w\u00e4re gemeinsam zu g\u00e4rtnern. Nat\u00fcrlich Gem\u00fcse, denn da haben alle was von. Als Gemeinschaft, f\u00fcr Gro\u00df und Klein. Mit \u00fcberschaubarem Arbeitsaufwand f\u00fcr jeden, viel Spa\u00df und trotzdem einem Ernteertrag der uns motiviert, immer weiter zu machen.<\/p>\n<p>Irgendwo sind wir zwischen 5 und 10 Familien, die sich die Arbeit teilen und als &#8222;Interessengemeinschaft&#8220; auf dem gro\u00dfen (fast nur aus Rasenfl\u00e4chen bestehenden) Spielplatz ein Teilst\u00fcck in einen Gem\u00fcsegarten verwandelt haben.<\/p>\n<p>In unregelm\u00e4\u00dfigen Abst\u00e4nden treffen wir uns, um zu G\u00e4rtnern. Aussaat, Bodenbereitung, Gie\u00dfen, Ernten. Wir teilen unser Wissen und entwickeln uns immer weiter&#8230;<\/p>\n<p style=\"text-align: center;\"><strong>Es ist immer wieder wunderbar zu sehen, wie aus einem kleinen Samenkorn eine Pflanze w\u00e4chst die wir mit Begeisterung beobachten und begleiten &#8211; bis zur Ernte! Ein Gef\u00fchl, das wir gerne mit anderen Menschen teilen.<\/strong><\/p>\n<p>Verantwortlicher der IG3G ist Felix Schwarte (K\u00fcperskamp 12, 59227 Ahlen). Zu erreichen unter Telefon 0160 780 5363 oder Email schwarte@s-w-ausruestung.de<\/p>\n","protected":false},"excerpt":{"rendered":"<p>IG3G steht f\u00fcr Interessengemeinschaft GemeinschaftsGem\u00fcseGarten Vor einiger Zeit haben wir uns gedacht, dass es doch gut w\u00e4re gemeinsam zu g\u00e4rtnern. Nat\u00fcrlich Gem\u00fcse, denn da haben alle was von. Als Gemeinschaft, f\u00fcr Gro\u00df und Klein. Mit \u00fcberschaubarem Arbeitsaufwand f\u00fcr jeden, viel Spa\u00df und trotzdem einem Ernteertrag der uns motiviert, immer weiter zu machen. Irgendwo sind wir&hellip; <a class=\"more-link\" href=\"https:\/\/ig3g.de\/?page_id=2\"><span class=\"screen-reader-text\">Die IG3G<\/span> weiterlesen<\/a><\/p>\n","protected":false},"author":1,"featured_media":0,"parent":0,"menu_order":0,"comment_status":"closed","ping_status":"open","template":"","meta":{"footnotes":""},"class_list":["post-2","page","type-page","status-publish","hentry","entry"],"_links":{"self":[{"href":"https:\/\/ig3g.de\/index.php?rest_route=\/wp\/v2\/pages\/2","targetHints":{"allow":["GET"]}}],"collection":[{"href":"https:\/\/ig3g.de\/index.php?rest_route=\/wp\/v2\/pages"}],"about":[{"href":"https:\/\/ig3g.de\/index.php?rest_route=\/wp\/v2\/types\/page"}],"author":[{"embeddable":true,"href":"https:\/\/ig3g.de\/index.php?rest_route=\/wp\/v2\/users\/1"}],"replies":[{"embeddable":true,"href":"https:\/\/ig3g.de\/index.php?rest_route=%2Fwp%2Fv2%2Fcomments&post=2"}],"version-history":[{"count":1,"href":"https:\/\/ig3g.de\/index.php?rest_route=\/wp\/v2\/pages\/2\/revisions"}],"predecessor-version":[{"id":38,"href":"https:\/\/ig3g.de\/index.php?rest_route=\/wp\/v2\/pages\/2\/revisions\/38"}],"wp:attachment":[{"href":"https:\/\/ig3g.de\/index.php?rest_route=%2Fwp%2Fv2%2Fmedia&parent=2"}],"curies":[{"name":"wp","href":"https:\/\/api.w.org\/{rel}","templated":true}]}}